{"id":1972,"date":"2023-02-17T05:22:07","date_gmt":"2023-02-17T05:22:07","guid":{"rendered":"https:\/\/themecrafter.com\/doctent\/?page_id=1972"},"modified":"2023-02-17T05:22:07","modified_gmt":"2023-02-17T05:22:07","slug":"blog","status":"publish","type":"page","link":"https:\/\/droscarfernandez.com.mx\/es\/blog\/","title":{"rendered":"Blog"},"content":{"rendered":"\t\t<div data-elementor-type=\"wp-page\" data-elementor-id=\"1972\" class=\"elementor elementor-1972\">\n\t\t\t\t\t\t<section class=\"elementor-section elementor-top-section elementor-element elementor-element-443a58b3 elementor-section-boxed elementor-section-height-default elementor-section-height-default tcr-bg-color-transparent\" data-id=\"443a58b3\" data-element_type=\"section\" data-e-type=\"section\">\n\t\t\t\t\t\t<div class=\"elementor-container elementor-column-gap-default\">\n\t\t\t\t\t<div class=\"elementor-column elementor-col-100 elementor-top-column elementor-element elementor-element-5e3ec81d tcr-bg-color-transparent\" data-id=\"5e3ec81d\" data-element_type=\"column\" data-e-type=\"column\">\n\t\t\t<div class=\"elementor-widget-wrap elementor-element-populated\">\n\t\t\t\t\t\t\t<div class=\"elementor-element elementor-element-3fdff6ed elementor-widget elementor-widget-tcr-blog\" data-id=\"3fdff6ed\" data-element_type=\"widget\" data-e-type=\"widget\" data-widget_type=\"tcr-blog.default\">\n\t\t\t\t<div class=\"elementor-widget-container\">\n\t\t\t\t\t\t\t<div class=\"tcr_blog_wrapper tcr-blog-875732297 blog-style-1 blog-layout-grid\">\r\n\t\t\t<div class=\"row\">\r\n\t\t\t<div class=\"col-xl-4 col-lg-4 col-md-6 col-sm-12\">\r\n\t\t\t<div class=\"tcr-post-slide without-image\">\r\n\t\t<div class=\"tcr-post-content-cover\">\r\n\t\t<div class=\"tcr-meta-item post-category\">\r\n\t\t\t<i class=\"fa fa-folder-open\"><\/i>\r\n\t\t\t<a href=\"https:\/\/droscarfernandez.com.mx\/es\/category\/blog\/\">Blog<\/a>, <a href=\"https:\/\/droscarfernandez.com.mx\/es\/category\/doctor\/\">doctor<\/a>, <a href=\"https:\/\/droscarfernandez.com.mx\/es\/category\/nose\/\">nose<\/a>\t\t<\/div>\r\n\t\t<h3 class=\"post-title\">\r\n\t\t\t\u00bfQu\u00e9 es la rinoplast\u00eda y c\u00f3mo saber si soy candidato?\t\t<\/h3>\r\n\t\t<div class=\"tcr-blog-text\">\r\n\t\t\t<p>\u00bfEst\u00e1s pensando en una rinoplast\u00eda en Guadalajara? El Dr. Oscar Fern\u00e1ndez, cirujano pl\u00e1stico certificado, te explica qu\u00e9 es, c\u00f3mo es la recuperaci\u00f3n y c\u00f3mo saber si eres candidato.<\/p>\n\t\t<\/div>\r\n\t\t<div class=\"tcr-post-bottun\">\r\n\t\t\t<a href=\"https:\/\/droscarfernandez.com.mx\/es\/que-es-la-rinoplastia-y-como-saber-si-soy-candidato\/\">Read More<\/a>\r\n\t\t<\/div>\r\n\t<\/div>\r\n<\/div>\t\t<\/div>\r\n\t\t\t\t<div class=\"col-xl-4 col-lg-4 col-md-6 col-sm-12\">\r\n\t\t\t<div class=\"tcr-post-slide\">\r\n\t\t\t\t<div class=\"tcr-post-image-container\">\r\n\t\t\t\t<img decoding=\"async\" class=\"post-image\" src=\"https:\/\/droscarfernandez.com.mx\/wp-content\/uploads\/2025\/11\/CIRUGIA-PLASTICA-SEGURA-800x465.jpg\" alt=\"Requisitos imprescindibles antes de una cirug\u00eda pl\u00e1stica segura en Guadalajara\">\r\n\t\t\t\t<div class=\"tcr-post-date\"><span class=\"tcr-date\">04<\/span><span class=\"tcr-month\">Nov<\/span><\/div>\r\n\t\t\t<\/div>\r\n\t\t\t\t<div class=\"tcr-post-content-cover\">\r\n\t\t<div class=\"tcr-meta-item post-category\">\r\n\t\t\t<i class=\"fa fa-folder-open\"><\/i>\r\n\t\t\t<a href=\"https:\/\/droscarfernandez.com.mx\/es\/category\/blog\/\">Blog<\/a>\t\t<\/div>\r\n\t\t<h3 class=\"post-title\">\r\n\t\t\tRequisitos imprescindibles antes de una cirug\u00eda pl\u00e1stica segura en Guadalajara\t\t<\/h3>\r\n\t\t<div class=\"tcr-blog-text\">\r\n\t\t\t<p>Mis no negociables antes de una cirug\u00eda pl\u00e1stica<\/p>\n\t\t<\/div>\r\n\t\t<div class=\"tcr-post-bottun\">\r\n\t\t\t<a href=\"https:\/\/droscarfernandez.com.mx\/es\/mis-no-negociables-antes-de-una-cirugia\/\">Read More<\/a>\r\n\t\t<\/div>\r\n\t<\/div>\r\n<\/div>\t\t<\/div>\r\n\t\t\t\t<div class=\"col-xl-4 col-lg-4 col-md-6 col-sm-12\">\r\n\t\t\t<div class=\"tcr-post-slide\">\r\n\t\t\t\t<div class=\"tcr-post-image-container\">\r\n\t\t\t\t<img decoding=\"async\" class=\"post-image\" src=\"https:\/\/droscarfernandez.com.mx\/wp-content\/uploads\/2025\/11\/peso-ideal-en-liposuccion-800x465.jpg\" alt=\"El peso ideal antes de una liposucci\u00f3n\">\r\n\t\t\t\t<div class=\"tcr-post-date\"><span class=\"tcr-date\">04<\/span><span class=\"tcr-month\">Nov<\/span><\/div>\r\n\t\t\t<\/div>\r\n\t\t\t\t<div class=\"tcr-post-content-cover\">\r\n\t\t<div class=\"tcr-meta-item post-category\">\r\n\t\t\t<i class=\"fa fa-folder-open\"><\/i>\r\n\t\t\t<a href=\"https:\/\/droscarfernandez.com.mx\/es\/category\/blog\/\">Blog<\/a>\t\t<\/div>\r\n\t\t<h3 class=\"post-title\">\r\n\t\t\tEl peso ideal antes de una liposucci\u00f3n\t\t<\/h3>\r\n\t\t<div class=\"tcr-blog-text\">\r\n\t\t\t<p>Peso adecuado para una liposucci\u00f3n segura en Guadalajara<\/p>\n\t\t<\/div>\r\n\t\t<div class=\"tcr-post-bottun\">\r\n\t\t\t<a href=\"https:\/\/droscarfernandez.com.mx\/es\/el-peso-ideal-antes-de-una-liposuccion\/\">Read More<\/a>\r\n\t\t<\/div>\r\n\t<\/div>\r\n<\/div>\t\t<\/div>\r\n\t\t\t\t<div class=\"col-xl-4 col-lg-4 col-md-6 col-sm-12\">\r\n\t\t\t<div class=\"tcr-post-slide\">\r\n\t\t\t\t<div class=\"tcr-post-image-container\">\r\n\t\t\t\t<img decoding=\"async\" class=\"post-image\" src=\"https:\/\/droscarfernandez.com.mx\/wp-content\/uploads\/2025\/10\/BBL-CIRUGIA-PLASTICA-800x593.jpg\" alt=\"Riesgos de un BBL extremo y c\u00f3mo lograr resultados seguros en Guadalajara\">\r\n\t\t\t\t<div class=\"tcr-post-date\"><span class=\"tcr-date\">31<\/span><span class=\"tcr-month\">Oct<\/span><\/div>\r\n\t\t\t<\/div>\r\n\t\t\t\t<div class=\"tcr-post-content-cover\">\r\n\t\t<div class=\"tcr-meta-item post-category\">\r\n\t\t\t<i class=\"fa fa-folder-open\"><\/i>\r\n\t\t\t<a href=\"https:\/\/droscarfernandez.com.mx\/es\/category\/blog\/\">Blog<\/a>\t\t<\/div>\r\n\t\t<h3 class=\"post-title\">\r\n\t\t\tRiesgos de un BBL extremo y c\u00f3mo lograr resultados seguros en Guadalajara\t\t<\/h3>\r\n\t\t<div class=\"tcr-blog-text\">\r\n\t\t\t<p>BBL extremo: la moda que pone en riesgo tu vida<\/p>\n\t\t<\/div>\r\n\t\t<div class=\"tcr-post-bottun\">\r\n\t\t\t<a href=\"https:\/\/droscarfernandez.com.mx\/es\/bbl-extremo-la-moda-que-pone-en-riesgo-tu-vida\/\">Read More<\/a>\r\n\t\t<\/div>\r\n\t<\/div>\r\n<\/div>\t\t<\/div>\r\n\t\t\t\t<div class=\"col-xl-4 col-lg-4 col-md-6 col-sm-12\">\r\n\t\t\t<div class=\"tcr-post-slide\">\r\n\t\t\t\t<div class=\"tcr-post-image-container\">\r\n\t\t\t\t<img decoding=\"async\" class=\"post-image\" src=\"https:\/\/droscarfernandez.com.mx\/wp-content\/uploads\/2025\/10\/SENOS-ASIMETRICOS-1-800x593.jpg\" alt=\"La soluci\u00f3n para los senos asim\u00e9tricos: Implantes personalizados para corregir senos asim\u00e9tricos en Guadalajara\">\r\n\t\t\t\t<div class=\"tcr-post-date\"><span class=\"tcr-date\">31<\/span><span class=\"tcr-month\">Oct<\/span><\/div>\r\n\t\t\t<\/div>\r\n\t\t\t\t<div class=\"tcr-post-content-cover\">\r\n\t\t<div class=\"tcr-meta-item post-category\">\r\n\t\t\t<i class=\"fa fa-folder-open\"><\/i>\r\n\t\t\t<a href=\"https:\/\/droscarfernandez.com.mx\/es\/category\/blog\/\">Blog<\/a>\t\t<\/div>\r\n\t\t<h3 class=\"post-title\">\r\n\t\t\tLa soluci\u00f3n para los senos asim\u00e9tricos: Implantes personalizados para corregir senos asim\u00e9tricos en Guadalajara\t\t<\/h3>\r\n\t\t<div class=\"tcr-blog-text\">\r\n\t\t\t<p>Implantes personalizados para corregir senos asim\u00e9tricos en Guadalajara<\/p>\n\t\t<\/div>\r\n\t\t<div class=\"tcr-post-bottun\">\r\n\t\t\t<a href=\"https:\/\/droscarfernandez.com.mx\/es\/implantes-personalizados-para-senos-asimetricos\/\">Read More<\/a>\r\n\t\t<\/div>\r\n\t<\/div>\r\n<\/div>\t\t<\/div>\r\n\t\t\t\t<div class=\"col-xl-4 col-lg-4 col-md-6 col-sm-12\">\r\n\t\t\t<div class=\"tcr-post-slide\">\r\n\t\t\t\t<div class=\"tcr-post-image-container\">\r\n\t\t\t\t<img decoding=\"async\" class=\"post-image\" src=\"https:\/\/droscarfernandez.com.mx\/wp-content\/uploads\/2023\/11\/6-tips.png\" alt=\"6 Consejos para Elegir a tu Cirujano Pl\u00e1stico en Guadalajara\">\r\n\t\t\t\t<div class=\"tcr-post-date\"><span class=\"tcr-date\">19<\/span><span class=\"tcr-month\">Nov<\/span><\/div>\r\n\t\t\t<\/div>\r\n\t\t\t\t<div class=\"tcr-post-content-cover\">\r\n\t\t<div class=\"tcr-meta-item post-category\">\r\n\t\t\t<i class=\"fa fa-folder-open\"><\/i>\r\n\t\t\t<a href=\"https:\/\/droscarfernandez.com.mx\/es\/category\/blog\/\">Blog<\/a>\t\t<\/div>\r\n\t\t<h3 class=\"post-title\">\r\n\t\t\t6 Consejos para Elegir a tu Cirujano Pl\u00e1stico en Guadalajara\t\t<\/h3>\r\n\t\t<div class=\"tcr-blog-text\">\r\n\t\t\t<p>Descubre 6 tips escenciales para saber elegir tu cirujano pl\u00e1stico en Guadalajara.<\/p>\n\t\t<\/div>\r\n\t\t<div class=\"tcr-post-bottun\">\r\n\t\t\t<a href=\"https:\/\/droscarfernandez.com.mx\/es\/6-consejos-para-elegir-a-tu-cirujano-plastico-en-guadalajara\/\">Read More<\/a>\r\n\t\t<\/div>\r\n\t<\/div>\r\n<\/div>\t\t<\/div>\r\n\t\t<\/div>\r\n\t\t<\/div>\r\n\t\t\t\t\t\t<\/div>\n\t\t\t\t<\/div>\n\t\t\t\t\t<\/div>\n\t\t<\/div>\n\t\t\t\t\t<\/div>\n\t\t<\/section>\n\t\t\t\t<\/div>\n\t\t","protected":false},"excerpt":{"rendered":"<p>01Feb nose Addressing Nose &amp; Throat Concerns joy of caring for your little ones. Baby care info for entails hiring. joy of caring for your Read More 01Feb Throat How an ENT Can Help ? joy of caring for your little ones. Baby care info for entails hiring. joy of caring for your Read More [&hellip;]<\/p>\n","protected":false},"author":1,"featured_media":0,"parent":0,"menu_order":0,"comment_status":"closed","ping_status":"closed","template":"elementor_header_footer","meta":{"_joinchat":[],"footnotes":""},"class_list":["post-1972","page","type-page","status-publish","hentry"],"_links":{"self":[{"href":"https:\/\/droscarfernandez.com.mx\/es\/wp-json\/wp\/v2\/pages\/1972","targetHints":{"allow":["GET"]}}],"collection":[{"href":"https:\/\/droscarfernandez.com.mx\/es\/wp-json\/wp\/v2\/pages"}],"about":[{"href":"https:\/\/droscarfernandez.com.mx\/es\/wp-json\/wp\/v2\/types\/page"}],"author":[{"embeddable":true,"href":"https:\/\/droscarfernandez.com.mx\/es\/wp-json\/wp\/v2\/users\/1"}],"replies":[{"embeddable":true,"href":"https:\/\/droscarfernandez.com.mx\/es\/wp-json\/wp\/v2\/comments?post=1972"}],"version-history":[{"count":0,"href":"https:\/\/droscarfernandez.com.mx\/es\/wp-json\/wp\/v2\/pages\/1972\/revisions"}],"wp:attachment":[{"href":"https:\/\/droscarfernandez.com.mx\/es\/wp-json\/wp\/v2\/media?parent=1972"}],"curies":[{"name":"wp","href":"https:\/\/api.w.org\/{rel}","templated":true}]}}